{"id":9,"date":"2020-05-31T20:37:32","date_gmt":"2020-05-31T18:37:32","guid":{"rendered":"http:\/\/pierrick-energeticien.com\/?page_id=9"},"modified":"2021-02-22T19:40:26","modified_gmt":"2021-02-22T18:40:26","slug":"accueil","status":"publish","type":"page","link":"https:\/\/pierrick-energeticien.com\/","title":{"rendered":""},"content":{"rendered":"\n<h2 class=\"wp-block-heading\"><strong>Lib\u00e9rez durablement votre bien-\u00eatre<\/strong><\/h2>\n\n\n\n<h2 class=\"wp-block-heading\"><strong>L&#8217;\u00e9nergie du corps humain<\/strong><\/h2>\n\n\n\n<div class=\"wp-block-group\"><div class=\"wp-block-group__inner-container is-layout-flow wp-block-group-is-layout-flow\">\n<p>L\u2019\u00e9nergie est un \u00e9l\u00e9ment intense, au service de votre bien-\u00eatre. Elle :<\/p>\n\n\n\n<ul class=\"wp-block-list\"><li>peut vous lib\u00e9rer de vos blocages physiques ou psychiques<\/li><li>se d\u00e9ploie en profondeur et peut r\u00e9g\u00e9n\u00e9rer durablement votre potentiel<\/li><li>permet de vous retrouver et vous recentrer<\/li><\/ul>\n<\/div><\/div>\n\n\n\n<div class=\"wp-block-group\"><div class=\"wp-block-group__inner-container is-layout-flow wp-block-group-is-layout-flow\">\n<p>En vous accompagnant par des soins \u00e9nerg\u00e9tiques, je vous propose de vous aider \u00e0 :<\/p>\n\n\n\n<ul class=\"wp-block-list\"><li>ressourcer cette \u00e9nergie, <\/li><li>retrouver une s\u00e9r\u00e9nit\u00e9, <\/li><li>reconnecter votre corps et votre esprit, <\/li><li>retrouver un juste \u00e9quilibre, <\/li><li>vivre une exp\u00e9rience durable et \u00e0 votre rythme.<\/li><\/ul>\n<\/div><\/div>\n\n\n\n<p><strong><em>Tout est \u00e9nergie. Une fois ce principe accept\u00e9 et compris, il est possible de s\u2019aligner sur la r\u00e9alit\u00e9 que l\u2019on souhaite et cette r\u00e9alit\u00e9 prendra corps. Il ne peut en \u00eatre autrement. Ce n\u2019est pas de la philosophie, c\u2019est de la physique.<\/em><\/strong><\/p>\n\n\n\n<div class=\"wp-block-media-text alignwide has-background is-vertically-aligned-center\" style=\"background-color:#98a7c0\"><figure class=\"wp-block-media-text__media\"><img loading=\"lazy\" decoding=\"async\" width=\"680\" height=\"1024\" src=\"http:\/\/pierrick-energeticien.com\/wp-content\/uploads\/2020\/05\/DSC_0006-copie-1-680x1024.jpg\" alt=\"\" class=\"wp-image-21\" srcset=\"https:\/\/pierrick-energeticien.com\/wp-content\/uploads\/2020\/05\/DSC_0006-copie-1-680x1024.jpg 680w, https:\/\/pierrick-energeticien.com\/wp-content\/uploads\/2020\/05\/DSC_0006-copie-1-199x300.jpg 199w, https:\/\/pierrick-energeticien.com\/wp-content\/uploads\/2020\/05\/DSC_0006-copie-1-768x1156.jpg 768w\" sizes=\"auto, (max-width: 680px) 100vw, 680px\" \/><\/figure><div class=\"wp-block-media-text__content\">\n<p class=\"has-large-font-size\">Pierrick Neveu<\/p>\n\n\n\n<p>06 12 36 89 29<\/p>\n\n\n\n<p>contact@pierrick-energeticien.com<\/p>\n\n\n\n<p><em>11 rue du Moulin de la Roche<br>94250 Gentilly<\/em><\/p>\n<\/div><\/div>\n","protected":false},"excerpt":{"rendered":"<p>Lib\u00e9rez durablement votre bien-\u00eatre L&#8217;\u00e9nergie du corps humain L\u2019\u00e9nergie est un \u00e9l\u00e9ment intense, au service de votre bien-\u00eatre. Elle : peut vous lib\u00e9rer de vos blocages physiques ou psychiques se d\u00e9ploie en profondeur et peut r\u00e9g\u00e9n\u00e9rer durablement votre potentiel permet de vous retrouver et vous recentrer En vous accompagnant par des soins \u00e9nerg\u00e9tiques, je vous &hellip; <\/p>\n<p class=\"link-more\"><a href=\"https:\/\/pierrick-energeticien.com\/\" class=\"more-link\">Continue reading<span class=\"screen-reader-text\"> &#8220;&#8221;<\/span><\/a><\/p>\n","protected":false},"author":2,"featured_media":0,"parent":0,"menu_order":0,"comment_status":"closed","ping_status":"closed","template":"","meta":{"footnotes":""},"class_list":["post-9","page","type-page","status-publish","hentry"],"_links":{"self":[{"href":"https:\/\/pierrick-energeticien.com\/index.php\/wp-json\/wp\/v2\/pages\/9","targetHints":{"allow":["GET"]}}],"collection":[{"href":"https:\/\/pierrick-energeticien.com\/index.php\/wp-json\/wp\/v2\/pages"}],"about":[{"href":"https:\/\/pierrick-energeticien.com\/index.php\/wp-json\/wp\/v2\/types\/page"}],"author":[{"embeddable":true,"href":"https:\/\/pierrick-energeticien.com\/index.php\/wp-json\/wp\/v2\/users\/2"}],"replies":[{"embeddable":true,"href":"https:\/\/pierrick-energeticien.com\/index.php\/wp-json\/wp\/v2\/comments?post=9"}],"version-history":[{"count":27,"href":"https:\/\/pierrick-energeticien.com\/index.php\/wp-json\/wp\/v2\/pages\/9\/revisions"}],"predecessor-version":[{"id":232,"href":"https:\/\/pierrick-energeticien.com\/index.php\/wp-json\/wp\/v2\/pages\/9\/revisions\/232"}],"wp:attachment":[{"href":"https:\/\/pierrick-energeticien.com\/index.php\/wp-json\/wp\/v2\/media?parent=9"}],"curies":[{"name":"wp","href":"https:\/\/api.w.org\/{rel}","templated":true}]}}