{"id":32,"date":"2020-05-31T22:30:48","date_gmt":"2020-05-31T20:30:48","guid":{"rendered":"http:\/\/pierrick-energeticien.com\/?page_id=32"},"modified":"2021-02-12T17:55:44","modified_gmt":"2021-02-12T16:55:44","slug":"temoignages","status":"publish","type":"page","link":"https:\/\/pierrick-energeticien.com\/index.php\/temoignages\/","title":{"rendered":"T\u00e9moignages"},"content":{"rendered":"\n<p>Une autre mani\u00e8re de traiter ses maux, avec douceur et bienveillance, pour avoir des r\u00e9ponses qui nous aident \u00e0 mieux les comprendre et \u00e0 continuer notre travail sereinement. Pierrick aide \u00e0 d\u00e9bloquer le corps et l&#8217;esprit pour nous permettre de nous sentir mieux et apais\u00e9 durablement. Les bienfaits des s\u00e9ances se ressentent presque instantan\u00e9ment, ce qui est appr\u00e9ciable. <strong>Emma 38 ans<\/strong><\/p>\n\n\n\n<p class=\"has-text-color has-text-align-left has-very-dark-gray-color\">Je savais que notre s\u00e9ance aiderait \u00e0 minima \u00e0 me lib\u00e9rer, \u00e0 accompagner ma d\u00e9marche de l\u00e2cher prise et prise en compte de moi m\u00eame. Je n&#8217;avais pas imagin\u00e9 que Pierrick stopperait cette douleur que j&#8217;ai accept\u00e9 pendant tant d&#8217;ann\u00e9es, comme une mauvaise amie. En une unique s\u00e9ance, elle a disparu compl\u00e8tement. Je suis plus que convaincue de son pouvoir \u00e9nerg\u00e9tique. Merci Pierrick. <strong>Fr\u00e9d\u00e9rique 43 ans<\/strong><\/p>\n\n\n\n<p>Pierrick oeuvre dans le respect, la bienveillance. Il m&#8217;a permis de mettre des mots \u00e0 mes maux. 4 s\u00e9ances plus tard j&#8217;ai trouv\u00e9 la s\u00e9r\u00e9nit\u00e9 que je cherchais depuis bien longtemps. Depuis nos s\u00e9ances, je ne vais plus chez l&#8217;ost\u00e9o que je consultais tous les trimestres. Merci \u00e0 lui de mettre son don \u00e0 notre service. <strong>Christine 35 ans<\/strong><\/p>\n\n\n\n<p class=\"has-text-align-left\">Je ne connaissais pas le magn\u00e9tisme et c&#8217;est une rencontre par hasard avec Pierrick qui m&#8217;a donn\u00e9 envie d&#8217;essayer. Il m&#8217;aide \u00e0 g\u00e9rer mes angoisses et mes probl\u00e8mes de dos. Je n&#8217;ai fait que deux s\u00e9ances pour l&#8217;instant et j&#8217;attends impatiemment la troisi\u00e8me car chacune me fait avancer dans le bon sens, je ressens vraiment les changements. <strong>Amandine 35 ans<\/strong><\/p>\n\n\n\n<p>Pierrick est \u00e0 l&#8217;\u00e9coute, vous mettra en confiance et vous mettra \u00e0 l&#8217;aise. Vous ressortirez chang\u00e9 apr\u00e8s ces s\u00e9ances. <strong>Alison 26 ans<\/strong><\/p>\n\n\n\n<p class=\"has-text-align-left\">Je ne connaissais pas ce type de soins et j&#8217;avoue j&#8217;y suis all\u00e9e plus par curiosit\u00e9 que par conviction. La premi\u00e8re s\u00e9ance \u00e0 \u00e9t\u00e9 extraordinaire\/bouleversante et beaucoup plus efficace que les soins \/ sessions que j&#8217;ai pu faire par le pass\u00e9. (Rapport qualit\u00e9 \/ prix \/ r\u00e9sultat au top!). Cela fais plusieurs s\u00e9ances que je fais avec lui et je vois clairement une diff\u00e9rence. Je recommande \u00e0 200%. <strong>Lina 35 ans<\/strong><\/p>\n\n\n\n<p>Sans y croire vraiment mais plut\u00f4t en \u00e9tant curieux apr\u00e8s en avoir parl\u00e9 avec Pierrick, je me suis laiss\u00e9 tenter en me disant que \u00e7a ne peut pas faire de mal&#8230; et en effet, d\u00e8s 15 secondes de s\u00e9ances j&#8217;ai senti une \u00e9nergie me lib\u00e9rant petit a petit de douleurs. Un r\u00e9sultat visible en une s\u00e9ance, qu&#8217;il faut \u00e9videmment confirmer avec quelques s\u00e9ances. Je suis pass\u00e9 d&#8217;un scepticisme \u00e0 vers une vraie reconnaissance de ce don et du bienfait de cette pratique saine et naturelle ! <strong>Nicolas 40 ans<\/strong><\/p>\n\n\n\n<p class=\"has-text-align-left\">On se sent tr\u00e8s vite \u00e0 l&#8217;aise avec Pierrick Neveu. J&#8217;ai senti plein de choses se passer durant la s\u00e9ance et surtout la disparition de ma douleur au dos. Ses explications durant (et apr\u00e8s) la s\u00e9ance aident \u00e0 comprendre ce qu&#8217;on ressent. Je recommande ! &nbsp;<strong>Romain 35 ans<\/strong><\/p>\n\n\n\n<p>Pierrick vous accompagne avec une bienveillance chaleureuse qui permet de cr\u00e9er rapidement un lien de confiance. Il est pr\u00e9sent, \u00e0 l&#8217;\u00e9coute et dans la juste mesure. Mes s\u00e9ances avec Pierrick ont eu un impact rapide et efficace sur ma vitalit\u00e9. Ma motivation s&#8217;est vue insuffler un nouvel \u00e9lan qui a stimul\u00e9 ma cr\u00e9ativit\u00e9 de fa\u00e7on tr\u00e8s intense. J&#8217;ai ressenti et ressens encore aujourd&#8217;hui une plus grande fluidit\u00e9 dans la circulation de mon \u00e9nergie. Cela m&#8217;invite \u00e0 avoir davantage de clart\u00e9 au quotidien et affine l&#8217;\u00e9quilibre dans la gestion de mes \u00e9motions. Ne me croyez pas et testez l&#8217;exp\u00e9rience par vous-m\u00eame ! \u00c7a restera le meilleur feedback que vous pourrez avoir par rapport aux soins uniques de Pierrick. <strong>Emilie 34 ans<\/strong><\/p>\n\n\n\n<p class=\"has-text-align-left\">Une \u00e9coute attentive, sans jugement et une pratique qui m&#8217;a apport\u00e9 beaucoup d&#8217;apaisement.&nbsp;<strong>Pauline 29 ans<\/strong><\/p>\n\n\n\n<p class=\"has-text-align-left\">Petite constatation qui m&#8217;avait \u00e9chapp\u00e9e suite au soin \u00e9nerg\u00e9tique : j&#8217;avais souvent &#8220;mal&#8221; au niveau du foie (c&#8217;\u00e9tait pass\u00e9 de sporadique \u00e0 permanent ces derniers mois) et je constate que je n&#8217;ai plus aucune douleur et tension \u00e0 cet endroit l\u00e0 ! De mani\u00e8re g\u00e9n\u00e9rale, j&#8217;ai l&#8217;impression que ton soin a fait son effet par rapport \u00e0 la somme de tensions et de petites douleurs auxquelles je m&#8217;\u00e9tais habitu\u00e9e (faute de mieux) ! Un grand merci et vivement la prochaine fois ! Tu as de l&#8217;or dans les mains. <strong>Cl\u00e9o 36 ans<\/strong><\/p>\n\n\n\n<p class=\"has-text-align-left\">Une semaine apr\u00e8s notre s\u00e9ance, je suis enfin tomb\u00e9e enceinte&#8230; et je suis enceinte depuis 3 mois ! Je pense que tu m&#8217;as d\u00e9bloqu\u00e9e comme j&#8217;en avais besoin ! Alors merci \u00e0 toi. Tu as de l&#8217;or dans les mains et crois moi je reviendrais ! Merci encore pour tes bonnes ondes. <strong>M\u00e9lanie 35 ans<\/strong><\/p>\n","protected":false},"excerpt":{"rendered":"<p>Une autre mani\u00e8re de traiter ses maux, avec douceur et bienveillance, pour avoir des r\u00e9ponses qui nous aident \u00e0 mieux les comprendre et \u00e0 continuer notre travail sereinement. Pierrick aide \u00e0 d\u00e9bloquer le corps et l&#8217;esprit pour nous permettre de nous sentir mieux et apais\u00e9 durablement. Les bienfaits des s\u00e9ances se ressentent presque instantan\u00e9ment, ce &hellip; <\/p>\n<p class=\"link-more\"><a href=\"https:\/\/pierrick-energeticien.com\/index.php\/temoignages\/\" class=\"more-link\">Continue reading<span class=\"screen-reader-text\"> &#8220;T\u00e9moignages&#8221;<\/span><\/a><\/p>\n","protected":false},"author":1,"featured_media":0,"parent":0,"menu_order":0,"comment_status":"closed","ping_status":"closed","template":"","meta":{"footnotes":""},"class_list":["post-32","page","type-page","status-publish","hentry"],"_links":{"self":[{"href":"https:\/\/pierrick-energeticien.com\/index.php\/wp-json\/wp\/v2\/pages\/32","targetHints":{"allow":["GET"]}}],"collection":[{"href":"https:\/\/pierrick-energeticien.com\/index.php\/wp-json\/wp\/v2\/pages"}],"about":[{"href":"https:\/\/pierrick-energeticien.com\/index.php\/wp-json\/wp\/v2\/types\/page"}],"author":[{"embeddable":true,"href":"https:\/\/pierrick-energeticien.com\/index.php\/wp-json\/wp\/v2\/users\/1"}],"replies":[{"embeddable":true,"href":"https:\/\/pierrick-energeticien.com\/index.php\/wp-json\/wp\/v2\/comments?post=32"}],"version-history":[{"count":20,"href":"https:\/\/pierrick-energeticien.com\/index.php\/wp-json\/wp\/v2\/pages\/32\/revisions"}],"predecessor-version":[{"id":216,"href":"https:\/\/pierrick-energeticien.com\/index.php\/wp-json\/wp\/v2\/pages\/32\/revisions\/216"}],"wp:attachment":[{"href":"https:\/\/pierrick-energeticien.com\/index.php\/wp-json\/wp\/v2\/media?parent=32"}],"curies":[{"name":"wp","href":"https:\/\/api.w.org\/{rel}","templated":true}]}}