{"id":2,"date":"2020-05-31T20:20:18","date_gmt":"2020-05-31T18:20:18","guid":{"rendered":"http:\/\/pierrick-energeticien.com\/?page_id=2"},"modified":"2021-02-22T19:44:27","modified_gmt":"2021-02-22T18:44:27","slug":"page-d-exemple","status":"publish","type":"page","link":"https:\/\/pierrick-energeticien.com\/index.php\/page-d-exemple\/","title":{"rendered":"Qui Suis-je ?"},"content":{"rendered":"\n<p>Apr\u00e8s une formation d&#8217;Ing\u00e9nieur Projet et R&amp;D en \u00e9lectronique m\u00e9dicale, j\u2019ai exerc\u00e9 cette fonction pendant 5 ans dans le domaine des pacemakers.<\/p>\n\n\n\n<p>J\u2019ai ensuite choisi de changer de m\u00e9tier et ai int\u00e9gr\u00e9 une agence d\u2019\u00e9v\u00e9nementiel pendant 2 ans en tant que charg\u00e9 de projet, directeur de production et r\u00e9gisseur.<\/p>\n\n\n\n<p>Cette exp\u00e9rience m\u2019a amen\u00e9 \u00e0 cr\u00e9er ma propre soci\u00e9t\u00e9 \u00e9v\u00e8nementielle en 2005 et j\u2019en exerce depuis les divers m\u00e9tiers (projet, production, r\u00e9gie, topage\u2026)<\/p>\n\n\n\n<p>Ce parcours atypique m\u2019a appris \u00e0 exploiter mes capacit\u00e9s, \u00e0 m\u2019adapter \u00e0 une grande vari\u00e9t\u00e9 de situations ainsi qu\u2019\u00e0 d\u00e9velopper des valeurs humaines qui m\u2019ont men\u00e9 vers les soins \u00e9nerg\u00e9tiques.<\/p>\n\n\n\n<p>L\u2019\u00e9coute, la bienveillance, la s\u00e9r\u00e9nit\u00e9 et la volont\u00e9 d\u2019accompagner guident depuis plusieurs ann\u00e9es mon activit\u00e9 d\u2019\u00e9nerg\u00e9ticien.<\/p>\n\n\n\n<p><a href=\"http:\/\/pierrick-energeticien.com\/index.php\/comment-jai-decouvert-cette-capacite\/\">Comment j\u2019ai d\u00e9couvert cette capacit\u00e9 ?&nbsp;<\/a><\/p>\n","protected":false},"excerpt":{"rendered":"<p>Apr\u00e8s une formation d&#8217;Ing\u00e9nieur Projet et R&amp;D en \u00e9lectronique m\u00e9dicale, j\u2019ai exerc\u00e9 cette fonction pendant 5 ans dans le domaine des pacemakers. J\u2019ai ensuite choisi de changer de m\u00e9tier et ai int\u00e9gr\u00e9 une agence d\u2019\u00e9v\u00e9nementiel pendant 2 ans en tant que charg\u00e9 de projet, directeur de production et r\u00e9gisseur. Cette exp\u00e9rience m\u2019a amen\u00e9 \u00e0 cr\u00e9er &hellip; <\/p>\n<p class=\"link-more\"><a href=\"https:\/\/pierrick-energeticien.com\/index.php\/page-d-exemple\/\" class=\"more-link\">Continue reading<span class=\"screen-reader-text\"> &#8220;Qui Suis-je ?&#8221;<\/span><\/a><\/p>\n","protected":false},"author":1,"featured_media":0,"parent":0,"menu_order":0,"comment_status":"closed","ping_status":"open","template":"","meta":{"footnotes":""},"class_list":["post-2","page","type-page","status-publish","hentry"],"_links":{"self":[{"href":"https:\/\/pierrick-energeticien.com\/index.php\/wp-json\/wp\/v2\/pages\/2","targetHints":{"allow":["GET"]}}],"collection":[{"href":"https:\/\/pierrick-energeticien.com\/index.php\/wp-json\/wp\/v2\/pages"}],"about":[{"href":"https:\/\/pierrick-energeticien.com\/index.php\/wp-json\/wp\/v2\/types\/page"}],"author":[{"embeddable":true,"href":"https:\/\/pierrick-energeticien.com\/index.php\/wp-json\/wp\/v2\/users\/1"}],"replies":[{"embeddable":true,"href":"https:\/\/pierrick-energeticien.com\/index.php\/wp-json\/wp\/v2\/comments?post=2"}],"version-history":[{"count":10,"href":"https:\/\/pierrick-energeticien.com\/index.php\/wp-json\/wp\/v2\/pages\/2\/revisions"}],"predecessor-version":[{"id":235,"href":"https:\/\/pierrick-energeticien.com\/index.php\/wp-json\/wp\/v2\/pages\/2\/revisions\/235"}],"wp:attachment":[{"href":"https:\/\/pierrick-energeticien.com\/index.php\/wp-json\/wp\/v2\/media?parent=2"}],"curies":[{"name":"wp","href":"https:\/\/api.w.org\/{rel}","templated":true}]}}