{"id":135,"date":"2020-07-19T17:46:06","date_gmt":"2020-07-19T15:46:06","guid":{"rendered":"http:\/\/pierrick-energeticien.com\/?page_id=135"},"modified":"2021-02-22T20:19:39","modified_gmt":"2021-02-22T19:19:39","slug":"combien-de-seances-faut-il-pour-un-resultat","status":"publish","type":"page","link":"https:\/\/pierrick-energeticien.com\/index.php\/combien-de-seances-faut-il-pour-un-resultat\/","title":{"rendered":"Combien de s\u00e9ances faut-il pour un r\u00e9sultat ?"},"content":{"rendered":"\n<p>Le nombre de s\u00e9ances d\u00e9pend de votre besoin et de votre histoire.<\/p>\n\n\n\n<p>Je travaille habituellement de fa\u00e7on globale. Mon objectif est avant tout de r\u00e9pondre aux besoins de votre corps \u00e9nerg\u00e9tique.<\/p>\n\n\n\n<p><strong>Il faut en g\u00e9n\u00e9ral entre 1 \u00e0 4 s\u00e9ances pour obtenir les effets escompt\u00e9s.<\/strong> <\/p>\n\n\n\n<p>Certains cas sp\u00e9cifiques peuvent n\u00e9cessiter un accompagnement plus long. Dans ce cas nous \u00e9tudions ensemble le protocole.<\/p>\n\n\n\n<p>Vous pouvez \u00e9galement pr\u00e9voir une s\u00e9ance annuelle pour entretenir votre bien-\u00eatre physique et psychique.<\/p>\n","protected":false},"excerpt":{"rendered":"<p>Le nombre de s\u00e9ances d\u00e9pend de votre besoin et de votre histoire. Je travaille habituellement de fa\u00e7on globale. Mon objectif est avant tout de r\u00e9pondre aux besoins de votre corps \u00e9nerg\u00e9tique. Il faut en g\u00e9n\u00e9ral entre 1 \u00e0 4 s\u00e9ances pour obtenir les effets escompt\u00e9s. Certains cas sp\u00e9cifiques peuvent n\u00e9cessiter un accompagnement plus long. Dans &hellip; <\/p>\n<p class=\"link-more\"><a href=\"https:\/\/pierrick-energeticien.com\/index.php\/combien-de-seances-faut-il-pour-un-resultat\/\" class=\"more-link\">Continue reading<span class=\"screen-reader-text\"> &#8220;Combien de s\u00e9ances faut-il pour un r\u00e9sultat ?&#8221;<\/span><\/a><\/p>\n","protected":false},"author":1,"featured_media":0,"parent":0,"menu_order":0,"comment_status":"closed","ping_status":"closed","template":"","meta":{"footnotes":""},"class_list":["post-135","page","type-page","status-publish","hentry"],"_links":{"self":[{"href":"https:\/\/pierrick-energeticien.com\/index.php\/wp-json\/wp\/v2\/pages\/135","targetHints":{"allow":["GET"]}}],"collection":[{"href":"https:\/\/pierrick-energeticien.com\/index.php\/wp-json\/wp\/v2\/pages"}],"about":[{"href":"https:\/\/pierrick-energeticien.com\/index.php\/wp-json\/wp\/v2\/types\/page"}],"author":[{"embeddable":true,"href":"https:\/\/pierrick-energeticien.com\/index.php\/wp-json\/wp\/v2\/users\/1"}],"replies":[{"embeddable":true,"href":"https:\/\/pierrick-energeticien.com\/index.php\/wp-json\/wp\/v2\/comments?post=135"}],"version-history":[{"count":4,"href":"https:\/\/pierrick-energeticien.com\/index.php\/wp-json\/wp\/v2\/pages\/135\/revisions"}],"predecessor-version":[{"id":266,"href":"https:\/\/pierrick-energeticien.com\/index.php\/wp-json\/wp\/v2\/pages\/135\/revisions\/266"}],"wp:attachment":[{"href":"https:\/\/pierrick-energeticien.com\/index.php\/wp-json\/wp\/v2\/media?parent=135"}],"curies":[{"name":"wp","href":"https:\/\/api.w.org\/{rel}","templated":true}]}}