{"id":132,"date":"2020-07-19T17:45:39","date_gmt":"2020-07-19T15:45:39","guid":{"rendered":"http:\/\/pierrick-energeticien.com\/?page_id=132"},"modified":"2021-02-22T20:09:05","modified_gmt":"2021-02-22T19:09:05","slug":"a-quoi-sattendre-apres-une-seance","status":"publish","type":"page","link":"https:\/\/pierrick-energeticien.com\/index.php\/a-quoi-sattendre-apres-une-seance\/","title":{"rendered":"A quoi s&#8217;attendre apr\u00e8s une s\u00e9ance ?"},"content":{"rendered":"\n<p>Apr\u00e8s la s\u00e9ance, vient le temps du changement :<\/p>\n\n\n\n<ul class=\"wp-block-list\"><li>le corps et l\u2019esprit continuent le travail \u00e9nerg\u00e9tique pendant plusieurs jours. Des sensations et r\u00e9actions physiques et\/ou psychiques peuvent donc appara\u00eetre pendant plusieurs jours (fatigue, douleurs, sensation que quelque chose est en train de travailler, \u2026). Ces r\u00e9actions sont normales et propres \u00e0 chacun.<\/li><li>je vous encourage \u00e0 boire davantage d\u2019eau que d\u2019habitude pendant au moins 24 heures.<\/li><\/ul>\n\n\n\n<p>A la fin des s\u00e9ances et du parcours de soins \u00e9nerg\u00e9tiques, les sensations le plus souvent constat\u00e9es sont les suivantes :<\/p>\n\n\n\n<ul class=\"wp-block-list\"><li>L\u00e9g\u00e8ret\u00e9 de corps et d&#8217;esprit<\/li><li>Calme<\/li><li>S\u00e9r\u00e9nit\u00e9<\/li><li>Douleurs disparues<\/li><li>Libert\u00e9 d\u2019\u00eatre et de dire<\/li><li>Bien-\u00eatre<\/li><li>Paix int\u00e9rieure<\/li><li>Confiance en soi<\/li><\/ul>\n\n\n\n<p>Vous pouvez \u00e9galement avoir la sensation que rien n\u2019a chang\u00e9. Rassurez-vous, votre corps et votre esprit travaillent quoiqu\u2019il arrive et les changements peuvent se produire sur le long terme. Dans ce cas ce sont souvent les autres qui les constatent les changements.<\/p>\n\n\n\n<p><a href=\"http:\/\/pierrick-energeticien.com\/index.php\/combien-coute-une-seance\/\">Combien co\u00fbte la s\u00e9ance ?<\/a><\/p>\n\n\n\n<p><a href=\"http:\/\/pierrick-energeticien.com\/index.php\/combien-coute-une-seance\/\"><a href=\"http:\/\/pierrick-energeticien.com\/index.php\/combien-de-seances-faut-il-pour-un-resultat\/\">Combien\u00a0de s\u00e9ances faut-il pour un r\u00e9sultat ?<\/a><\/a><\/p>\n","protected":false},"excerpt":{"rendered":"<p>Apr\u00e8s la s\u00e9ance, vient le temps du changement : le corps et l\u2019esprit continuent le travail \u00e9nerg\u00e9tique pendant plusieurs jours. Des sensations et r\u00e9actions physiques et\/ou psychiques peuvent donc appara\u00eetre pendant plusieurs jours (fatigue, douleurs, sensation que quelque chose est en train de travailler, \u2026). Ces r\u00e9actions sont normales et propres \u00e0 chacun. je vous &hellip; <\/p>\n<p class=\"link-more\"><a href=\"https:\/\/pierrick-energeticien.com\/index.php\/a-quoi-sattendre-apres-une-seance\/\" class=\"more-link\">Continue reading<span class=\"screen-reader-text\"> &#8220;A quoi s&#8217;attendre apr\u00e8s une s\u00e9ance ?&#8221;<\/span><\/a><\/p>\n","protected":false},"author":1,"featured_media":0,"parent":0,"menu_order":0,"comment_status":"closed","ping_status":"closed","template":"","meta":{"footnotes":""},"class_list":["post-132","page","type-page","status-publish","hentry"],"_links":{"self":[{"href":"https:\/\/pierrick-energeticien.com\/index.php\/wp-json\/wp\/v2\/pages\/132","targetHints":{"allow":["GET"]}}],"collection":[{"href":"https:\/\/pierrick-energeticien.com\/index.php\/wp-json\/wp\/v2\/pages"}],"about":[{"href":"https:\/\/pierrick-energeticien.com\/index.php\/wp-json\/wp\/v2\/types\/page"}],"author":[{"embeddable":true,"href":"https:\/\/pierrick-energeticien.com\/index.php\/wp-json\/wp\/v2\/users\/1"}],"replies":[{"embeddable":true,"href":"https:\/\/pierrick-energeticien.com\/index.php\/wp-json\/wp\/v2\/comments?post=132"}],"version-history":[{"count":14,"href":"https:\/\/pierrick-energeticien.com\/index.php\/wp-json\/wp\/v2\/pages\/132\/revisions"}],"predecessor-version":[{"id":256,"href":"https:\/\/pierrick-energeticien.com\/index.php\/wp-json\/wp\/v2\/pages\/132\/revisions\/256"}],"wp:attachment":[{"href":"https:\/\/pierrick-energeticien.com\/index.php\/wp-json\/wp\/v2\/media?parent=132"}],"curies":[{"name":"wp","href":"https:\/\/api.w.org\/{rel}","templated":true}]}}