{"id":123,"date":"2020-07-19T17:47:30","date_gmt":"2020-07-19T15:47:30","guid":{"rendered":"http:\/\/pierrick-energeticien.com\/?page_id=123"},"modified":"2021-02-22T20:05:27","modified_gmt":"2021-02-22T19:05:27","slug":"comment-cela-se-passe-concretement","status":"publish","type":"page","link":"https:\/\/pierrick-energeticien.com\/index.php\/comment-cela-se-passe-concretement\/","title":{"rendered":"Comment cela se passe concr\u00e8tement ?"},"content":{"rendered":"\n<p>Durant le temps de travail \u00e9nerg\u00e9tique :<\/p>\n\n\n\n<div class=\"wp-block-group\"><div class=\"wp-block-group__inner-container is-layout-flow wp-block-group-is-layout-flow\">\n<ul class=\"wp-block-list\"><li>vous \u00eates allong\u00e9 confortablement, habill\u00e9, sans chaussures. Je vous encourage \u00e0 enlever tout ce qui pourrait vous causer de l\u2019inconfort (bijoux, ceinture trop serr\u00e9e, \u2026)<\/li><li>vous vous d\u00e9tendez et vous vous laissez aller,<\/li><li>nous \u00e9changeons pendant la s\u00e9ance sur ce que vous souhaitez ou si vous avez des question,<\/li><li>pendant la s\u00e9ance, vous pourrez \u00e9ventuellement ressentir diverses r\u00e9actions tel que fourmillements, \u00e9motivit\u00e9, fatigue, envie de rire ou de pleurer, \u2026 Ces r\u00e9actions sont normales et font partie int\u00e9grante du travail \u00e9nerg\u00e9tique.<\/li><\/ul>\n<\/div><\/div>\n\n\n\n<p><a href=\"http:\/\/pierrick-energeticien.com\/index.php\/a-quoi-sattendre-apres-une-seance\/\">A quoi s\u2019attendre apr\u00e8s une s\u00e9ance ?<\/a><\/p>\n\n\n\n<p><a href=\"http:\/\/pierrick-energeticien.com\/index.php\/a-quoi-sattendre-apres-une-seance\/\"><\/a><a href=\"http:\/\/pierrick-energeticien.com\/index.php\/combien-coute-une-seance\/\">Combien co\u00fbte la s\u00e9ance ?<\/a><\/p>\n\n\n\n<p><a href=\"http:\/\/pierrick-energeticien.com\/index.php\/a-quoi-sattendre-apres-une-seance\/\"><\/a><a href=\"http:\/\/pierrick-energeticien.com\/index.php\/combien-coute-une-seance\/\"><\/a><a href=\"http:\/\/pierrick-energeticien.com\/index.php\/combien-de-seances-faut-il-pour-un-resultat\/\">Combien&nbsp;de s\u00e9ances faut-il pour un r\u00e9sultat ?<\/a><\/p>\n","protected":false},"excerpt":{"rendered":"<p>Durant le temps de travail \u00e9nerg\u00e9tique : vous \u00eates allong\u00e9 confortablement, habill\u00e9, sans chaussures. Je vous encourage \u00e0 enlever tout ce qui pourrait vous causer de l\u2019inconfort (bijoux, ceinture trop serr\u00e9e, \u2026) vous vous d\u00e9tendez et vous vous laissez aller, nous \u00e9changeons pendant la s\u00e9ance sur ce que vous souhaitez ou si vous avez des &hellip; <\/p>\n<p class=\"link-more\"><a href=\"https:\/\/pierrick-energeticien.com\/index.php\/comment-cela-se-passe-concretement\/\" class=\"more-link\">Continue reading<span class=\"screen-reader-text\"> &#8220;Comment cela se passe concr\u00e8tement ?&#8221;<\/span><\/a><\/p>\n","protected":false},"author":1,"featured_media":0,"parent":0,"menu_order":0,"comment_status":"closed","ping_status":"closed","template":"","meta":{"footnotes":""},"class_list":["post-123","page","type-page","status-publish","hentry"],"_links":{"self":[{"href":"https:\/\/pierrick-energeticien.com\/index.php\/wp-json\/wp\/v2\/pages\/123","targetHints":{"allow":["GET"]}}],"collection":[{"href":"https:\/\/pierrick-energeticien.com\/index.php\/wp-json\/wp\/v2\/pages"}],"about":[{"href":"https:\/\/pierrick-energeticien.com\/index.php\/wp-json\/wp\/v2\/types\/page"}],"author":[{"embeddable":true,"href":"https:\/\/pierrick-energeticien.com\/index.php\/wp-json\/wp\/v2\/users\/1"}],"replies":[{"embeddable":true,"href":"https:\/\/pierrick-energeticien.com\/index.php\/wp-json\/wp\/v2\/comments?post=123"}],"version-history":[{"count":9,"href":"https:\/\/pierrick-energeticien.com\/index.php\/wp-json\/wp\/v2\/pages\/123\/revisions"}],"predecessor-version":[{"id":250,"href":"https:\/\/pierrick-energeticien.com\/index.php\/wp-json\/wp\/v2\/pages\/123\/revisions\/250"}],"wp:attachment":[{"href":"https:\/\/pierrick-energeticien.com\/index.php\/wp-json\/wp\/v2\/media?parent=123"}],"curies":[{"name":"wp","href":"https:\/\/api.w.org\/{rel}","templated":true}]}}