{"id":121,"date":"2020-07-19T17:48:49","date_gmt":"2020-07-19T15:48:49","guid":{"rendered":"http:\/\/pierrick-energeticien.com\/?page_id=121"},"modified":"2022-06-21T12:13:10","modified_gmt":"2022-06-21T10:13:10","slug":"comment-se-deroule-une-seance","status":"publish","type":"page","link":"https:\/\/pierrick-energeticien.com\/index.php\/comment-se-deroule-une-seance\/","title":{"rendered":"Comment se d\u00e9roule une s\u00e9ance ?"},"content":{"rendered":"\n<p>Les s\u00e9ances se font \u00e0 distance. Elles durent en moyenne une heure, dont 45 minutes de travail \u00e9nerg\u00e9tique. Vous \u00eates confortablement allong\u00e9 dans une pi\u00e8ce isol\u00e9 et nous communiquons par t\u00e9l\u00e9phone. <\/p>\n\n\n\n<p>La s\u00e9ance se d\u00e9roule en 4 temps diff\u00e9rents :<\/p>\n\n\n\n<ul class=\"wp-block-list\"><li>&nbsp; un temps d\u2019\u00e9change,<\/li><li>&nbsp; un temps de travail \u00e9nerg\u00e9tique,<\/li><li>&nbsp; un temps de debrief,<\/li><li>&nbsp; un temps de changement.<\/li><\/ul>\n\n\n\n<p>Lors du temps d\u2019\u00e9change, nous envisageons les \u00e9l\u00e9ments suivants :<\/p>\n\n\n\n<ul class=\"wp-block-list\"><li>vos motivations quant \u00e0 votre souhait de rencontrer un \u00e9nerg\u00e9ticien,<\/li><li>l\u2019explication du d\u00e9roulement de la s\u00e9ance,<\/li><li>un temps de r\u00e9ponse \u00e0 vos questions si besoin.<\/li><\/ul>\n\n\n\n<p><a href=\"http:\/\/pierrick-energeticien.com\/index.php\/comment-cela-se-passe-concretement\">Comment la s\u00e9ance se passe concr\u00e8tement ?<\/a><\/p>\n\n\n\n<p><a href=\"http:\/\/pierrick-energeticien.com\/index.php\/a-quoi-sattendre-apres-une-seance\/\">A quoi s\u2019attendre apr\u00e8s une s\u00e9ance ?<\/a><\/p>\n\n\n\n<p><a href=\"http:\/\/pierrick-energeticien.com\/index.php\/combien-coute-une-seance\/\">Combien co\u00fbte la s\u00e9ance ?<\/a><\/p>\n\n\n\n<p><a href=\"http:\/\/pierrick-energeticien.com\/index.php\/combien-de-seances-faut-il-pour-un-resultat\/\">Combien&nbsp;de s\u00e9ances faut-il pour un r\u00e9sultat ?<\/a><\/p>\n","protected":false},"excerpt":{"rendered":"<p>Les s\u00e9ances se font \u00e0 distance. Elles durent en moyenne une heure, dont 45 minutes de travail \u00e9nerg\u00e9tique. Vous \u00eates confortablement allong\u00e9 dans une pi\u00e8ce isol\u00e9 et nous communiquons par t\u00e9l\u00e9phone. La s\u00e9ance se d\u00e9roule en 4 temps diff\u00e9rents : &nbsp; un temps d\u2019\u00e9change, &nbsp; un temps de travail \u00e9nerg\u00e9tique, &nbsp; un temps de debrief, &hellip; <\/p>\n<p class=\"link-more\"><a href=\"https:\/\/pierrick-energeticien.com\/index.php\/comment-se-deroule-une-seance\/\" class=\"more-link\">Continue reading<span class=\"screen-reader-text\"> &#8220;Comment se d\u00e9roule une s\u00e9ance ?&#8221;<\/span><\/a><\/p>\n","protected":false},"author":1,"featured_media":0,"parent":0,"menu_order":0,"comment_status":"closed","ping_status":"closed","template":"","meta":{"footnotes":""},"class_list":["post-121","page","type-page","status-publish","hentry"],"_links":{"self":[{"href":"https:\/\/pierrick-energeticien.com\/index.php\/wp-json\/wp\/v2\/pages\/121","targetHints":{"allow":["GET"]}}],"collection":[{"href":"https:\/\/pierrick-energeticien.com\/index.php\/wp-json\/wp\/v2\/pages"}],"about":[{"href":"https:\/\/pierrick-energeticien.com\/index.php\/wp-json\/wp\/v2\/types\/page"}],"author":[{"embeddable":true,"href":"https:\/\/pierrick-energeticien.com\/index.php\/wp-json\/wp\/v2\/users\/1"}],"replies":[{"embeddable":true,"href":"https:\/\/pierrick-energeticien.com\/index.php\/wp-json\/wp\/v2\/comments?post=121"}],"version-history":[{"count":19,"href":"https:\/\/pierrick-energeticien.com\/index.php\/wp-json\/wp\/v2\/pages\/121\/revisions"}],"predecessor-version":[{"id":270,"href":"https:\/\/pierrick-energeticien.com\/index.php\/wp-json\/wp\/v2\/pages\/121\/revisions\/270"}],"wp:attachment":[{"href":"https:\/\/pierrick-energeticien.com\/index.php\/wp-json\/wp\/v2\/media?parent=121"}],"curies":[{"name":"wp","href":"https:\/\/api.w.org\/{rel}","templated":true}]}}