{"id":119,"date":"2020-07-19T17:45:27","date_gmt":"2020-07-19T15:45:27","guid":{"rendered":"http:\/\/pierrick-energeticien.com\/?page_id=119"},"modified":"2021-02-22T19:57:50","modified_gmt":"2021-02-22T18:57:50","slug":"pourquoi-prendre-une-seance-energetique","status":"publish","type":"page","link":"https:\/\/pierrick-energeticien.com\/index.php\/pourquoi-prendre-une-seance-energetique\/","title":{"rendered":"Pourquoi prendre une s\u00e9ance \u00e9nerg\u00e9tique ?"},"content":{"rendered":"\n<p>Il existe de nombreuses raisons de prendre RDV avec un \u00e9nerg\u00e9ticien : <\/p>\n\n\n\n<ul class=\"wp-block-list\"><li>Douleurs chroniques, <\/li><li>Mal de dos, sciatiques, lumbago, \u2026 <\/li><li>Entorses, tendinite, torticolis, \u2026 <\/li><li>Apr\u00e8s une fracture, une op\u00e9ration, un accident,\u2026 <\/li><li>Angoisses, anxi\u00e9t\u00e9, phobies, peurs, \u2026 <\/li><li>Lib\u00e9rer votre corps et votre esprit de traumatismes pass\u00e9s,<\/li><li>Retrouver un \u00e9quilibre g\u00e9n\u00e9ral, physique et psychique,<\/li><li>Pr\u00e9paration et accompagnement aux traitements m\u00e9dicaux lourds (chimioth\u00e9rapies, op\u00e9rations, protocoles m\u00e9dicamenteux\u2026).<\/li><\/ul>\n","protected":false},"excerpt":{"rendered":"<p>Il existe de nombreuses raisons de prendre RDV avec un \u00e9nerg\u00e9ticien : Douleurs chroniques, Mal de dos, sciatiques, lumbago, \u2026 Entorses, tendinite, torticolis, \u2026 Apr\u00e8s une fracture, une op\u00e9ration, un accident,\u2026 Angoisses, anxi\u00e9t\u00e9, phobies, peurs, \u2026 Lib\u00e9rer votre corps et votre esprit de traumatismes pass\u00e9s, Retrouver un \u00e9quilibre g\u00e9n\u00e9ral, physique et psychique, Pr\u00e9paration et accompagnement &hellip; <\/p>\n<p class=\"link-more\"><a href=\"https:\/\/pierrick-energeticien.com\/index.php\/pourquoi-prendre-une-seance-energetique\/\" class=\"more-link\">Continue reading<span class=\"screen-reader-text\"> &#8220;Pourquoi prendre une s\u00e9ance \u00e9nerg\u00e9tique ?&#8221;<\/span><\/a><\/p>\n","protected":false},"author":1,"featured_media":0,"parent":0,"menu_order":0,"comment_status":"closed","ping_status":"closed","template":"","meta":{"footnotes":""},"class_list":["post-119","page","type-page","status-publish","hentry"],"_links":{"self":[{"href":"https:\/\/pierrick-energeticien.com\/index.php\/wp-json\/wp\/v2\/pages\/119","targetHints":{"allow":["GET"]}}],"collection":[{"href":"https:\/\/pierrick-energeticien.com\/index.php\/wp-json\/wp\/v2\/pages"}],"about":[{"href":"https:\/\/pierrick-energeticien.com\/index.php\/wp-json\/wp\/v2\/types\/page"}],"author":[{"embeddable":true,"href":"https:\/\/pierrick-energeticien.com\/index.php\/wp-json\/wp\/v2\/users\/1"}],"replies":[{"embeddable":true,"href":"https:\/\/pierrick-energeticien.com\/index.php\/wp-json\/wp\/v2\/comments?post=119"}],"version-history":[{"count":4,"href":"https:\/\/pierrick-energeticien.com\/index.php\/wp-json\/wp\/v2\/pages\/119\/revisions"}],"predecessor-version":[{"id":245,"href":"https:\/\/pierrick-energeticien.com\/index.php\/wp-json\/wp\/v2\/pages\/119\/revisions\/245"}],"wp:attachment":[{"href":"https:\/\/pierrick-energeticien.com\/index.php\/wp-json\/wp\/v2\/media?parent=119"}],"curies":[{"name":"wp","href":"https:\/\/api.w.org\/{rel}","templated":true}]}}