{"id":115,"date":"2020-07-19T17:49:44","date_gmt":"2020-07-19T15:49:44","guid":{"rendered":"http:\/\/pierrick-energeticien.com\/?page_id=115"},"modified":"2021-02-22T19:50:40","modified_gmt":"2021-02-22T18:50:40","slug":"quest-ce-que-le-travail-energetique-2","status":"publish","type":"page","link":"https:\/\/pierrick-energeticien.com\/index.php\/quest-ce-que-le-travail-energetique-2\/","title":{"rendered":"Qu&#8217;est-ce que le travail \u00e9nerg\u00e9tique ?"},"content":{"rendered":"\n<p>Cette pratique existe depuis la nuit des temps. On la retrouve dans de nombreuses cultures et communaut\u00e9s, partout dans le monde. C\u2019est son universalit\u00e9 qui fait toute sa valeur et son efficacit\u00e9.<\/p>\n\n\n\n<p>Dans les campagnes fran\u00e7aises, on trouvait toujours un rebouteux, un gu\u00e9risseur, ou un magn\u00e9tiseur capable de soulager les maux physiques et psychiques.<\/p>\n\n\n\n<p>Pour ma part je pr\u00e9f\u00e8re le terme d\u2019\u00e9nerg\u00e9ticien, puisque le praticien est un canal \u00e9nerg\u00e9tique.<\/p>\n\n\n\n<p>Bien que cette pratique soit soumise \u00e0 de nombreuses questions et pol\u00e9miques, il est parfois utile de rappeler que ces savoirs ancestraux sont bas\u00e9s sur la volont\u00e9 de soulager sans jamais entraver la science et la m\u00e9decine allopathique.<\/p>\n\n\n\n<p><a href=\"http:\/\/pierrick-energeticien.com\/index.php\/quest-ce-que-lenergie-du-corps-humain\">Qu&#8217;est-ce que l&#8217;\u00e9nergie du corps humain ?<\/a><\/p>\n\n\n\n<p><a href=\"http:\/\/pierrick-energeticien.com\/index.php\/a-qui-sadresse-le-travail-energetique\/(ouvre un nouvel onglet)\">Pourquoi prendre une s\u00e9ance \u00e9nerg\u00e9tique ?<\/a><\/p>\n","protected":false},"excerpt":{"rendered":"<p>Cette pratique existe depuis la nuit des temps. On la retrouve dans de nombreuses cultures et communaut\u00e9s, partout dans le monde. C\u2019est son universalit\u00e9 qui fait toute sa valeur et son efficacit\u00e9. Dans les campagnes fran\u00e7aises, on trouvait toujours un rebouteux, un gu\u00e9risseur, ou un magn\u00e9tiseur capable de soulager les maux physiques et psychiques. Pour &hellip; <\/p>\n<p class=\"link-more\"><a href=\"https:\/\/pierrick-energeticien.com\/index.php\/quest-ce-que-le-travail-energetique-2\/\" class=\"more-link\">Continue reading<span class=\"screen-reader-text\"> &#8220;Qu&#8217;est-ce que le travail \u00e9nerg\u00e9tique ?&#8221;<\/span><\/a><\/p>\n","protected":false},"author":1,"featured_media":0,"parent":0,"menu_order":0,"comment_status":"closed","ping_status":"closed","template":"","meta":{"footnotes":""},"class_list":["post-115","page","type-page","status-publish","hentry"],"_links":{"self":[{"href":"https:\/\/pierrick-energeticien.com\/index.php\/wp-json\/wp\/v2\/pages\/115","targetHints":{"allow":["GET"]}}],"collection":[{"href":"https:\/\/pierrick-energeticien.com\/index.php\/wp-json\/wp\/v2\/pages"}],"about":[{"href":"https:\/\/pierrick-energeticien.com\/index.php\/wp-json\/wp\/v2\/types\/page"}],"author":[{"embeddable":true,"href":"https:\/\/pierrick-energeticien.com\/index.php\/wp-json\/wp\/v2\/users\/1"}],"replies":[{"embeddable":true,"href":"https:\/\/pierrick-energeticien.com\/index.php\/wp-json\/wp\/v2\/comments?post=115"}],"version-history":[{"count":5,"href":"https:\/\/pierrick-energeticien.com\/index.php\/wp-json\/wp\/v2\/pages\/115\/revisions"}],"predecessor-version":[{"id":241,"href":"https:\/\/pierrick-energeticien.com\/index.php\/wp-json\/wp\/v2\/pages\/115\/revisions\/241"}],"wp:attachment":[{"href":"https:\/\/pierrick-energeticien.com\/index.php\/wp-json\/wp\/v2\/media?parent=115"}],"curies":[{"name":"wp","href":"https:\/\/api.w.org\/{rel}","templated":true}]}}