{"id":113,"date":"2020-07-19T17:47:51","date_gmt":"2020-07-19T15:47:51","guid":{"rendered":"http:\/\/pierrick-energeticien.com\/?page_id=113"},"modified":"2021-02-22T19:50:16","modified_gmt":"2021-02-22T18:50:16","slug":"comment-jai-decouvert-cette-capacite","status":"publish","type":"page","link":"https:\/\/pierrick-energeticien.com\/index.php\/comment-jai-decouvert-cette-capacite\/","title":{"rendered":"Comment j&#8217;ai d\u00e9couvert cette capacit\u00e9 ?"},"content":{"rendered":"\n<p>Pendant 27 ans j\u2019ai souffert de douleurs sciatiques r\u00e9currentes et lancinantes. J\u2019ai sollicit\u00e9 bon nombre d\u2019ost\u00e9opathes et de kin\u00e9sith\u00e9rapeutes de fa\u00e7on r\u00e9guli\u00e8re, et ce pendant des ann\u00e9es. En l\u2019absence de soulagement durable, j\u2019ai m\u00eame d\u00fb avoir recours \u00e0 la prise d\u2019opiac\u00e9s pour tenter de soulager ces douleurs souvent insupportables qui faisaient partie de mon quotidien.<\/p>\n\n\n\n<p>Un jour, en vacances dans le bordelais, une amie m\u2019a conseill\u00e9 de prendre RDV avec une \u00e9nerg\u00e9ticienne. En n\u00e9ophyte complet, j\u2019ai d\u00e9couvert sur place sa pratique. Bien qu\u2019\u00e9tant un ing\u00e9nieur sceptique, j\u2019ai choisi de garder l\u2019esprit ouvert et ai jou\u00e9 le jeu. Apr\u00e8s 3 ou 4 s\u00e9ances, mes douleurs avaient disparu\u2026 pour ne plus jamais revenir.<\/p>\n\n\n\n<p>Curieux et tr\u00e8s agr\u00e9ablement surpris, je me suis alors renseign\u00e9 sur ce sujet et ai d\u00e9couvert le Reiki. Bien que n\u2019\u00e9tant pas encore initi\u00e9, mais tr\u00e8s empathique, j\u2019ai commenc\u00e9 \u00e0 pratiquer en posant les mains sur mes amis afin de les soulager. \u00c0 ma grande surprise, mes tentatives furent concluantes !<\/p>\n\n\n\n<p>J\u2019ai donc partag\u00e9 mes exp\u00e9riences avec l\u2019\u00e9nerg\u00e9ticienne qui m\u2019avait soign\u00e9 et ai entrepris mon premier voyage dans le monde des \u00e9nergies. S\u2019en est suivi un long travail d\u2019apprentissage, de nombreuses lectures (Gu\u00e9rir avec les mains, Le corps quantique, \u2026), une formation en tant que Ma\u00eetre REIKI ainsi qu\u2019une importante pratique des soins \u00e9nerg\u00e9tiques.<\/p>\n\n\n\n<p>Afin de parfaire mon accompagnement, j\u2019ai \u00e9galement suivi une formation de sophrologie, travaill\u00e9 la respiration avec le chant et pratiqu\u00e9 le l\u00e2cher-prise avec le th\u00e9\u00e2tre d\u2019improvisation.<\/p>\n\n\n\n<p>Le soin \u00e9nerg\u00e9tique reste pour moi un apprentissage perp\u00e9tuel, au service de mes patients.<\/p>\n","protected":false},"excerpt":{"rendered":"<p>Pendant 27 ans j\u2019ai souffert de douleurs sciatiques r\u00e9currentes et lancinantes. J\u2019ai sollicit\u00e9 bon nombre d\u2019ost\u00e9opathes et de kin\u00e9sith\u00e9rapeutes de fa\u00e7on r\u00e9guli\u00e8re, et ce pendant des ann\u00e9es. En l\u2019absence de soulagement durable, j\u2019ai m\u00eame d\u00fb avoir recours \u00e0 la prise d\u2019opiac\u00e9s pour tenter de soulager ces douleurs souvent insupportables qui faisaient partie de mon quotidien. &hellip; <\/p>\n<p class=\"link-more\"><a href=\"https:\/\/pierrick-energeticien.com\/index.php\/comment-jai-decouvert-cette-capacite\/\" class=\"more-link\">Continue reading<span class=\"screen-reader-text\"> &#8220;Comment j&#8217;ai d\u00e9couvert cette capacit\u00e9 ?&#8221;<\/span><\/a><\/p>\n","protected":false},"author":1,"featured_media":0,"parent":0,"menu_order":0,"comment_status":"closed","ping_status":"closed","template":"","meta":{"footnotes":""},"class_list":["post-113","page","type-page","status-publish","hentry"],"_links":{"self":[{"href":"https:\/\/pierrick-energeticien.com\/index.php\/wp-json\/wp\/v2\/pages\/113","targetHints":{"allow":["GET"]}}],"collection":[{"href":"https:\/\/pierrick-energeticien.com\/index.php\/wp-json\/wp\/v2\/pages"}],"about":[{"href":"https:\/\/pierrick-energeticien.com\/index.php\/wp-json\/wp\/v2\/types\/page"}],"author":[{"embeddable":true,"href":"https:\/\/pierrick-energeticien.com\/index.php\/wp-json\/wp\/v2\/users\/1"}],"replies":[{"embeddable":true,"href":"https:\/\/pierrick-energeticien.com\/index.php\/wp-json\/wp\/v2\/comments?post=113"}],"version-history":[{"count":6,"href":"https:\/\/pierrick-energeticien.com\/index.php\/wp-json\/wp\/v2\/pages\/113\/revisions"}],"predecessor-version":[{"id":240,"href":"https:\/\/pierrick-energeticien.com\/index.php\/wp-json\/wp\/v2\/pages\/113\/revisions\/240"}],"wp:attachment":[{"href":"https:\/\/pierrick-energeticien.com\/index.php\/wp-json\/wp\/v2\/media?parent=113"}],"curies":[{"name":"wp","href":"https:\/\/api.w.org\/{rel}","templated":true}]}}